{"id":2030,"date":"2015-10-30T19:20:44","date_gmt":"2015-10-31T02:20:44","guid":{"rendered":"https:\/\/bigjohnstexasbbq.com\/menu-til-turgrupper\/"},"modified":"2026-02-24T17:16:51","modified_gmt":"2026-02-25T00:16:51","slug":"menu-til-turgrupper","status":"publish","type":"page","link":"https:\/\/bigjohnstexasbbq.com\/da\/menu-til-turgrupper\/","title":{"rendered":"Menu til turgrupper"},"content":{"rendered":"<p>[et_pb_section fb_built=&#8221;1&#8243; custom_padding_last_edited=&#8221;on|desktop&#8221; admin_label=&#8221;section&#8221; module_id=&#8221;MenuSection&#8221; _builder_version=&#8221;4.16&#8243; background_color=&#8221;rgba(255,255,255,0)&#8221; custom_padding_tablet=&#8221;50px|0|50px|0&#8243; custom_padding_phone=&#8221;&#8221; transparent_background=&#8221;on&#8221; padding_mobile=&#8221;off&#8221; global_colors_info=&#8221;{}&#8221;][et_pb_row column_padding_mobile=&#8221;on&#8221; admin_label=&#8221;row&#8221; module_id=&#8221;MenuColumn&#8221; _builder_version=&#8221;4.24.2&#8243; background_color=&#8221;rgba(0,0,0,0.6)&#8221; background_size=&#8221;initial&#8221; background_position=&#8221;top_left&#8221; background_repeat=&#8221;repeat&#8221; custom_padding=&#8221;||0px||false|false&#8221; border_width_top=&#8221;10px&#8221; border_color_top=&#8221;#503e2a&#8221; border_style_top=&#8221;groove&#8221; border_width_right=&#8221;9px&#8221; border_color_right=&#8221;#503e2a&#8221; border_style_right=&#8221;groove&#8221; border_width_left=&#8221;10px&#8221; border_color_left=&#8221;#503e2a&#8221; border_style_left=&#8221;groove&#8221; global_colors_info=&#8221;{}&#8221;][et_pb_column type=&#8221;4_4&#8243; _builder_version=&#8221;4.16&#8243; custom_padding=&#8221;|||&#8221; global_colors_info=&#8221;{}&#8221; custom_padding__hover=&#8221;|||&#8221;][et_pb_text admin_label=&#8221;Heading text&#8221; module_id=&#8221;HeadingText&#8221; _builder_version=&#8221;4.24.2&#8243; text_text_color=&#8221;#ffffff&#8221; background_enable_color=&#8221;off&#8221; background_size=&#8221;initial&#8221; background_position=&#8221;top_left&#8221; background_repeat=&#8221;repeat&#8221; text_orientation=&#8221;center&#8221; background_layout=&#8221;dark&#8221; module_alignment=&#8221;center&#8221; custom_padding=&#8221;10px|15px|10px|20px&#8221; use_border_color=&#8221;off&#8221; global_colors_info=&#8221;{}&#8221;]<\/p>\n<p><img loading=\"lazy\" decoding=\"async\" class=\"aligncenter wp-image-787 size-full\" src=\"https:\/\/bigjohnstexasbbq.com\/wp-content\/uploads\/2015\/10\/tour-group-menu-header.png\" alt=\"\" width=\"923\" height=\"189\" srcset=\"https:\/\/bigjohnstexasbbq.com\/wp-content\/uploads\/2015\/10\/tour-group-menu-header.png 923w, https:\/\/bigjohnstexasbbq.com\/wp-content\/uploads\/2015\/10\/tour-group-menu-header-300x61.png 300w, https:\/\/bigjohnstexasbbq.com\/wp-content\/uploads\/2015\/10\/tour-group-menu-header-510x104.png 510w\" sizes=\"(max-width: 923px) 100vw, 923px\" \/><\/p>\n<h3><strong>Autentisk BBQ i Texas-\/westernstil<\/strong><\/h3>\n<h3><strong>Langtidsr\u00f8get BBQ over egetr\u00e6 p\u00e5 vores specialbyggede smoker<\/strong><\/h3>\n<h3><strong>(Vi har b\u00e5de indend\u00f8rs og udend\u00f8rs siddepladser)<\/strong><\/h3>\n<h5><span style=\"font-size: 17pt;\">153 S. Lake Powell Blvd<\/span><\/h5>\n<h5><span style=\"font-size: 17pt;\">Page, AZ 86040<\/span><\/h5>\n<h4> <\/h4>\n<p>[\/et_pb_text][et_pb_heading title=&#8221;Menu til turgrupper&#8221; admin_label=&#8221;Tour Group Menu Heading&#8221; _builder_version=&#8221;4.24.2&#8243; _module_preset=&#8221;default&#8221; title_level=&#8221;h2&#8243; title_font=&#8221;Nunito|700|||||||&#8221; title_text_align=&#8221;center&#8221; title_text_color=&#8221;#FFFFFF&#8221; title_font_size=&#8221;50px&#8221; background_color=&#8221;#f27d01&#8243; custom_margin=&#8221;|80px||80px|false|false&#8221; custom_padding=&#8221;15px||15px||false|false&#8221; border_radii=&#8221;on|60px|60px|60px|60px&#8221; border_style_all=&#8221;groove&#8221; global_colors_info=&#8221;{}&#8221;][\/et_pb_heading][\/et_pb_column][\/et_pb_row][et_pb_row column_structure=&#8221;1_3,1_3,1_3&#8243; column_padding_mobile=&#8221;on&#8221; admin_label=&#8221;row&#8221; module_id=&#8221;MenuColumn&#8221; _builder_version=&#8221;4.24.2&#8243; background_color=&#8221;rgba(0,0,0,0.6)&#8221; background_size=&#8221;initial&#8221; background_position=&#8221;top_left&#8221; background_repeat=&#8221;repeat&#8221; custom_padding=&#8221;||0px||false|false&#8221; border_width_right=&#8221;10px&#8221; border_color_right=&#8221;#503e2a&#8221; border_style_right=&#8221;groove&#8221; border_width_bottom=&#8221;10px&#8221; border_color_bottom=&#8221;#503e2a&#8221; border_style_bottom=&#8221;groove&#8221; border_width_left=&#8221;10px&#8221; border_color_left=&#8221;#503e2a&#8221; border_style_left=&#8221;groove&#8221; global_colors_info=&#8221;{}&#8221;][et_pb_column type=&#8221;1_3&#8243; _builder_version=&#8221;4.16&#8243; custom_padding=&#8221;|||&#8221; global_colors_info=&#8221;{}&#8221; custom_padding__hover=&#8221;|||&#8221;][et_pb_blurb title=&#8221;BBQ-tallerken&#8221; image=&#8221;https:\/\/bigjohnstexasbbq.com\/wp-content\/uploads\/2021\/01\/BBQ-Beef-Pulled-Pork-or-Pulled-Chicken-Sandwich-Plate-500&#215;500-w2.png&#8221; alt=&#8221;Sandwichtallerken med BBQ-oksek\u00f8d, pulled pork eller pulled chicken&#8221; admin_label=&#8221;BBQ Plate&#8221; _builder_version=&#8221;4.27.5&#8243; _module_preset=&#8221;default&#8221; header_level=&#8221;h2&#8243; header_text_color=&#8221;#f27d01&#8243; header_font_size=&#8221;30px&#8221; background_layout=&#8221;dark&#8221; custom_padding=&#8221;20px|20px|20px|20px|false|false&#8221; hover_enabled=&#8221;0&#8243; global_colors_info=&#8221;{}&#8221; sticky_enabled=&#8221;0&#8243;]<\/p>\n<h2>$33.00<\/h2>\n<p>BBQ-oksek\u00f8dssandwich, BBQ-svinek\u00f8dssandwich eller pulled chicken-sandwich serveret med hjemmelavede cowboy beans og kartoffelsalat. Priserne er pr. person. <\/p>\n<p>[\/et_pb_blurb][\/et_pb_column][et_pb_column type=&#8221;1_3&#8243; _builder_version=&#8221;4.16&#8243; custom_padding=&#8221;|||&#8221; global_colors_info=&#8221;{}&#8221; custom_padding__hover=&#8221;|||&#8221;][et_pb_blurb title=&#8221;Rib-tallerken&#8221; image=&#8221;https:\/\/bigjohnstexasbbq.com\/wp-content\/uploads\/2021\/02\/Half-Rack-Baby-Back-Rib-Plate-500&#215;500-w2.png&#8221; alt=&#8221;Barbeque-tallerken med halvt rack baby back ribs&#8221; admin_label=&#8221;Rib Plate&#8221; _builder_version=&#8221;4.27.5&#8243; _module_preset=&#8221;default&#8221; header_level=&#8221;h2&#8243; header_text_color=&#8221;#f27d01&#8243; header_font_size=&#8221;30px&#8221; background_layout=&#8221;dark&#8221; custom_padding=&#8221;20px|20px|20px|20px|false|false&#8221; hover_enabled=&#8221;0&#8243; global_colors_info=&#8221;{}&#8221; sticky_enabled=&#8221;0&#8243;]<\/p>\n<h2>$47.00<\/h2>\n<p>\u00bd rack baby back ribs-tallerken serveret med hjemmelavede cowboy beans og kartoffelsalat. Priserne er pr. person. <\/p>\n<p>[\/et_pb_blurb][\/et_pb_column][et_pb_column type=&#8221;1_3&#8243; _builder_version=&#8221;4.16&#8243; custom_padding=&#8221;|||&#8221; global_colors_info=&#8221;{}&#8221; custom_padding__hover=&#8221;|||&#8221;][et_pb_blurb title=&#8221;Sampler-tallerken&#8221; image=&#8221;https:\/\/bigjohnstexasbbq.com\/wp-content\/uploads\/2021\/02\/Chicken-and-Rib-Plate-500&#215;500-w2.png&#8221; alt=&#8221;Barbeque-tallerken med kylling og ribs&#8221; admin_label=&#8221;Sampler Plate&#8221; _builder_version=&#8221;4.27.5&#8243; _module_preset=&#8221;default&#8221; header_level=&#8221;h2&#8243; header_text_color=&#8221;#f27d01&#8243; header_font_size=&#8221;30px&#8221; background_layout=&#8221;dark&#8221; custom_padding=&#8221;20px|20px|20px|20px|false|false&#8221; hover_enabled=&#8221;0&#8243; global_colors_info=&#8221;{}&#8221; sticky_enabled=&#8221;0&#8243;]<\/p>\n<h2>$44.00<\/h2>\n<p>Big John\u2019s Sampler-tallerken: BBQ-oksek\u00f8d, BBQ-svinek\u00f8d, ribs, hot link, serveret med cowboy beans og kartoffelsalat. Priserne er pr. person. <\/p>\n<p>[\/et_pb_blurb][\/et_pb_column][\/et_pb_row][\/et_pb_section][et_pb_section fb_built=&#8221;1&#8243; custom_padding_last_edited=&#8221;on|desktop&#8221; admin_label=&#8221;section&#8221; module_id=&#8221;MenuSection&#8221; _builder_version=&#8221;4.16&#8243; background_color=&#8221;rgba(255,255,255,0)&#8221; custom_padding_tablet=&#8221;50px|0|50px|0&#8243; custom_padding_phone=&#8221;&#8221; transparent_background=&#8221;on&#8221; padding_mobile=&#8221;off&#8221; global_colors_info=&#8221;{}&#8221;][et_pb_row padding_mobile=&#8221;off&#8221; column_padding_mobile=&#8221;on&#8221; admin_label=&#8221;row&#8221; module_id=&#8221;MenuColumn&#8221; _builder_version=&#8221;4.24.2&#8243; background_color=&#8221;rgba(0,0,0,0.6)&#8221; background_size=&#8221;initial&#8221; background_position=&#8221;top_left&#8221; background_repeat=&#8221;repeat&#8221; border_width_all=&#8221;10px&#8221; border_color_all=&#8221;#503e2a&#8221; border_style_all=&#8221;groove&#8221; global_colors_info=&#8221;{}&#8221;][et_pb_column type=&#8221;4_4&#8243; _builder_version=&#8221;4.16&#8243; custom_padding=&#8221;|||&#8221; global_colors_info=&#8221;{}&#8221; custom_padding__hover=&#8221;|||&#8221;][et_pb_text disabled_on=&#8221;on|on|&#8221; admin_label=&#8221;Page content (Desktop)&#8221; module_id=&#8221;TourGroupMenuPagecontent&#8221; _builder_version=&#8221;4.27.2&#8243; background_size=&#8221;initial&#8221; background_position=&#8221;top_left&#8221; background_repeat=&#8221;repeat&#8221; background_layout=&#8221;dark&#8221; custom_padding=&#8221;20px|20px|20px|20px|false|false&#8221; use_border_color=&#8221;off&#8221; global_colors_info=&#8221;{}&#8221;]<\/p>\n<h4>*Alle m\u00e5ltider inkluderer en drik og en chocolate chip-cookie. Drikkevarer inkluderer &#8211; <span>Pepsi, Diet Pepsi, Sprite eller Lemonade<\/span>. <\/h4>\n<p><strong>SKATTER &amp; DRICKS ER INKLUDERET I DE ANGIVNE PRISER.<\/strong><\/p>\n<p><strong>* Vi kan som regel s\u00f8rge for live country- og westernmusik til jeres middagsg\u00e6ster.<\/strong><\/p>\n<p><strong>Vi kan ogs\u00e5 give jeres g\u00e6ster en 5-10 minutters rundvisning i vores specialbyggede BBQ-smoker.<\/strong><\/p>\n<p><strong>\u00c6ndringer eller aflysninger af reservation:<\/strong><\/p>\n<p>Eventuelle \u00e6ndringer i antallet i gruppen skal sendes til os p\u00e5 e-mail. Vi skal have 24 timers varsel (f\u00f8r reservationsdatoen) om \u00e6ndringer. Hvis I bliver forsinkede, bedes I give os 4 timers varsel. Aflysninger kr\u00e6ver 72 timers varsel, og I vil blive opkr\u00e6vet 50 % af den samlede regning.   <\/p>\n<h4><span style=\"text-decoration: underline;\"><a href=\"mailto:john@bigjohnstexasbbq.com?Subject=Tour%20Group%20Question\" target=\"_top\" rel=\"noopener\">Kontakt os via e-mail<\/a><\/span> eller p\u00e5 telefon 928-645-3300.<\/h4>\n<p><strong>Gratis m\u00e5ltider:<\/strong><\/p>\n<p>Vi giver gerne 1 gratis m\u00e5ltid ved 15 eller flere betalende g\u00e6ster. Vi giver 2 m\u00e5ltider ved 30 g\u00e6ster eller flere. Det gratis m\u00e5ltid\/m\u00e5ltider vil v\u00e6re det samme som turmenuen.  <\/p>\n<p><strong>Betalingsmetoder:<\/strong><\/p>\n<p>Kontanter og kreditkort (Visa, MasterCard, Discover, Diner\u2019s Club og AMEX) accepteres.<\/p>\n<p>[\/et_pb_text][et_pb_text disabled_on=&#8221;||on&#8221; admin_label=&#8221;Page content (Mobile)&#8221; module_id=&#8221;TourGroupMenuPagecontent&#8221; _builder_version=&#8221;4.24.2&#8243; background_size=&#8221;initial&#8221; background_position=&#8221;top_left&#8221; background_repeat=&#8221;repeat&#8221; background_layout=&#8221;dark&#8221; custom_padding=&#8221;20px|20px|20px|20px|false|false&#8221; use_border_color=&#8221;off&#8221; global_colors_info=&#8221;{}&#8221;]<\/p>\n<h4>*Alle middagsm\u00e5ltider inkluderer en drik og en chocolate chip-cookie. Drikkevarer inkluderer &#8211; sodavand, sweet tea, almindelig te, lemonade eller kaffe. <\/h4>\n<p><strong>SKATTER &amp; DRICKS ER INKLUDERET I DE ANGIVNE PRISER.<\/strong><\/p>\n<p><strong>* Vi kan som regel s\u00f8rge for live country- og westernmusik til jeres middagsg\u00e6ster.<\/strong><\/p>\n<p><strong>Vi kan ogs\u00e5 give jeres g\u00e6ster en 5-10 minutters rundvisning i vores specialbyggede BBQ-smoker.<\/strong><\/p>\n<p><strong>\u00c6ndringer eller aflysninger af reservation:<\/strong><\/p>\n<p>Eventuelle \u00e6ndringer i antallet i gruppen skal sendes til os p\u00e5 e-mail. Vi skal have 24 timers varsel (f\u00f8r reservationsdatoen) om \u00e6ndringer. Hvis I bliver forsinkede, bedes I give os 4 timers varsel. Aflysninger kr\u00e6ver 72 timers varsel, og I vil blive opkr\u00e6vet 50 % af den samlede regning.   <\/p>\n<h4><span style=\"text-decoration: underline;\"><a href=\"mailto:john@bigjohnstexasbbq.com?Subject=Tour%20Group%20Question\" target=\"_top\" rel=\"noopener\">Kontakt os via e-mail<\/a><\/span> eller p\u00e5 telefon <span style=\"text-decoration: underline;\"><a href=\"tel:9286453300\">928-645-3300<\/a><\/span>.<\/h4>\n<p><strong>Gratis m\u00e5ltider:<\/strong><\/p>\n<p>Vi giver gerne 1 gratis m\u00e5ltid ved 15 eller flere betalende g\u00e6ster. Vi giver 2 m\u00e5ltider ved 30 g\u00e6ster eller flere. Det gratis m\u00e5ltid\/m\u00e5ltider vil v\u00e6re det samme som turmenuen.  <\/p>\n<p><strong>Betalingsmetoder:<\/strong><\/p>\n<p>Kontanter og kreditkort (Visa, MasterCard, Discover, Diner\u2019s Club og AMEX) accepteres.<\/p>\n<p>[\/et_pb_text][\/et_pb_column][\/et_pb_row][\/et_pb_section][et_pb_section fb_built=&#8221;1&#8243; custom_padding_last_edited=&#8221;on|desktop&#8221; admin_label=&#8221;Footer Section&#8221; module_id=&#8221;FooterSection&#8221; _builder_version=&#8221;3.22&#8243; background_color=&#8221;rgba(255,255,255,0)&#8221; custom_padding_tablet=&#8221;50px|0|50px|0&#8243; custom_padding_phone=&#8221;&#8221; transparent_background=&#8221;on&#8221; padding_mobile=&#8221;off&#8221; make_fullwidth=&#8221;off&#8221; use_custom_width=&#8221;off&#8221; width_unit=&#8221;on&#8221; global_module=&#8221;536&#8243; global_colors_info=&#8221;{}&#8221;][et_pb_row column_structure=&#8221;1_4,1_2,1_4&#8243; padding_mobile=&#8221;on&#8221; column_padding_mobile=&#8221;on&#8221; module_id=&#8221;MenusColumn&#8221; _builder_version=&#8221;4.16&#8243; background_color=&#8221;rgba(0,0,0,0.6)&#8221; background_size=&#8221;initial&#8221; background_position=&#8221;top_left&#8221; background_repeat=&#8221;repeat&#8221; custom_padding=&#8221;|||15px&#8221; make_fullwidth=&#8221;off&#8221; use_custom_width=&#8221;off&#8221; width_unit=&#8221;on&#8221; global_colors_info=&#8221;{}&#8221;][et_pb_column type=&#8221;1_4&#8243; _builder_version=&#8221;4.16&#8243; custom_padding=&#8221;|||&#8221; global_colors_info=&#8221;{}&#8221; custom_padding__hover=&#8221;|||&#8221;][et_pb_sidebar area=&#8221;et_pb_widget_area_1&#8243; admin_label=&#8221;Menus Sidebar&#8221; _builder_version=&#8221;4.24.2&#8243; header_font_size=&#8221;20&#8243; body_font_size=&#8221;18&#8243; background_layout=&#8221;dark&#8221; custom_padding=&#8221;|||20px|false|false&#8221; remove_border=&#8221;off&#8221; global_colors_info=&#8221;{}&#8221;]<\/p>\n<p>[\/et_pb_sidebar][\/et_pb_column][et_pb_column type=&#8221;1_2&#8243; _builder_version=&#8221;4.16&#8243; custom_padding=&#8221;|||&#8221; global_colors_info=&#8221;{}&#8221; custom_padding__hover=&#8221;|||&#8221;][et_pb_divider show_divider=&#8221;off&#8221; disabled_on=&#8221;on|on|off&#8221; _builder_version=&#8221;4.16&#8243; height=&#8221;20px&#8221; hide_on_mobile=&#8221;on&#8221; global_colors_info=&#8221;{}&#8221;][\/et_pb_divider][et_pb_text admin_label=&#8221;Friend us on FaceBook&#8221; _builder_version=&#8221;4.16&#8243; background_color=&#8221;rgba(0,0,0,0)&#8221; background_size=&#8221;initial&#8221; background_position=&#8221;top_left&#8221; background_repeat=&#8221;repeat&#8221; background_layout=&#8221;dark&#8221; use_border_color=&#8221;off&#8221; global_colors_info=&#8221;{}&#8221;]<\/p>\n<h3><a href=\"https:\/\/www.facebook.com\/Big-Johns-Texas-Bbq-126141577468838\/\" target=\"_blank\" rel=\"noopener noreferrer\"><img loading=\"lazy\" decoding=\"async\" class=\"alignleft wp-image-378 size-full\" src=\"https:\/\/bigjohnstexasbbq.com\/wp-content\/uploads\/2014\/05\/Facebook.png\" alt=\"Facebook\" width=\"61\" height=\"61\"><\/a><a href=\"https:\/\/www.facebook.com\/Big-Johns-Texas-Bbq-126141577468838\/https:\/\/www.facebook.com\/Big-Johns-Texas-Bbq-126141577468838\/\" target=\"_blank\" rel=\"noopener noreferrer\">Bliv ven med os p\u00e5 FaceBook og f\u00e5 opdateringer om vores tilbud og events.<\/a><\/h3>\n<p>[\/et_pb_text][\/et_pb_column][et_pb_column type=&#8221;1_4&#8243; _builder_version=&#8221;4.16&#8243; custom_padding=&#8221;|||&#8221; global_colors_info=&#8221;{}&#8221; custom_padding__hover=&#8221;|||&#8221;][et_pb_sidebar orientation=&#8221;right&#8221; area=&#8221;et_pb_widget_area_2&#8243; admin_label=&#8221;Sidebar Menu Right&#8221; _builder_version=&#8221;4.16&#8243; background_layout=&#8221;dark&#8221; remove_border=&#8221;off&#8221; global_colors_info=&#8221;{}&#8221;][\/et_pb_sidebar][\/et_pb_column][\/et_pb_row][et_pb_row padding_mobile=&#8221;on&#8221; column_padding_mobile=&#8221;on&#8221; module_id=&#8221;CreditsColumn&#8221; _builder_version=&#8221;4.16&#8243; background_color=&#8221;rgba(0,0,0,0.6)&#8221; background_size=&#8221;initial&#8221; background_position=&#8221;top_left&#8221; background_repeat=&#8221;repeat&#8221; custom_padding=&#8221;|15px||15px&#8221; make_fullwidth=&#8221;off&#8221; use_custom_width=&#8221;off&#8221; width_unit=&#8221;on&#8221; global_colors_info=&#8221;{}&#8221;][et_pb_column type=&#8221;4_4&#8243; _builder_version=&#8221;4.16&#8243; custom_padding=&#8221;|||&#8221; global_colors_info=&#8221;{}&#8221; custom_padding__hover=&#8221;|||&#8221;][et_pb_text admin_label=&#8221;Address &#038; Credits&#8221; _builder_version=&#8221;4.16&#8243; text_font_size=&#8221;18&#8243; text_letter_spacing=&#8221;1px&#8221; text_line_height=&#8221;1.8em&#8221; background_size=&#8221;initial&#8221; background_position=&#8221;top_left&#8221; background_repeat=&#8221;repeat&#8221; text_orientation=&#8221;center&#8221; background_layout=&#8221;dark&#8221; module_alignment=&#8221;center&#8221; use_border_color=&#8221;off&#8221; border_color=&#8221;#a5a5a5&#8243; border_width=&#8221;10px&#8221; border_style=&#8221;ridge&#8221; global_colors_info=&#8221;{}&#8221;]<\/p>\n<p class=\"Normal-P\"><span class=\"Normal-C\">Big John&#8217;s BBQ hovedkontor | P.O. Box 665 | Page, AZ 86040<\/span><\/p>\n<p>[\/et_pb_text][\/et_pb_column][\/et_pb_row][\/et_pb_section]<\/p>\n","protected":false},"excerpt":{"rendered":"<p>Autentisk BBQ i Texas-\/westernstil Langtidsr\u00f8get BBQ over egetr\u00e6 p\u00e5 vores specialbyggede smoker (Vi har b\u00e5de indend\u00f8rs og udend\u00f8rs siddepladser) 153 S. Lake Powell Blvd Page, AZ 86040 $33.00 BBQ-oksek\u00f8dssandwich, BBQ-svinek\u00f8dssandwich eller pulled chicken-sandwich serveret med hjemmelavede cowboy beans og kartoffelsalat. Priserne er pr. person. $47.00 \u00bd rack baby back ribs-tallerken serveret med hjemmelavede cowboy beans [&hellip;]<\/p>\n","protected":false},"author":1,"featured_media":0,"parent":0,"menu_order":0,"comment_status":"closed","ping_status":"closed","template":"","meta":{"_et_pb_use_builder":"on","_et_pb_old_content":"","_et_gb_content_width":"","footnotes":""},"class_list":["post-2030","page","type-page","status-publish","hentry"],"yoast_head":"<!-- This site is optimized with the Yoast SEO plugin v27.4 - https:\/\/yoast.com\/product\/yoast-seo-wordpress\/ -->\n<title>Menu til turgrupper - Big John&#039;s Texas BBQ<\/title>\n<meta name=\"robots\" content=\"index, follow, max-snippet:-1, max-image-preview:large, max-video-preview:-1\" \/>\n<link rel=\"canonical\" href=\"https:\/\/bigjohnstexasbbq.com\/da\/menu-til-turgrupper\/\" \/>\n<meta property=\"og:locale\" content=\"da_DK\" \/>\n<meta property=\"og:type\" content=\"article\" \/>\n<meta property=\"og:title\" content=\"Menu til turgrupper - Big John&#039;s Texas BBQ\" \/>\n<meta property=\"og:description\" content=\"Autentisk BBQ i Texas-\/westernstil Langtidsr\u00f8get BBQ over egetr\u00e6 p\u00e5 vores specialbyggede smoker (Vi har b\u00e5de indend\u00f8rs og udend\u00f8rs siddepladser) 153 S. Lake Powell Blvd Page, AZ 86040 $33.00 BBQ-oksek\u00f8dssandwich, BBQ-svinek\u00f8dssandwich eller pulled chicken-sandwich serveret med hjemmelavede cowboy beans og kartoffelsalat. Priserne er pr. person. $47.00 \u00bd rack baby back ribs-tallerken serveret med hjemmelavede cowboy beans [&hellip;]\" \/>\n<meta property=\"og:url\" content=\"https:\/\/bigjohnstexasbbq.com\/da\/menu-til-turgrupper\/\" \/>\n<meta property=\"og:site_name\" content=\"Big John&#039;s Texas BBQ\" \/>\n<meta property=\"article:modified_time\" content=\"2026-02-25T00:16:51+00:00\" \/>\n<meta property=\"og:image\" content=\"https:\/\/bigjohnstexasbbq.com\/wp-content\/uploads\/2015\/10\/tour-group-menu-header.png\" \/>\n<meta name=\"twitter:card\" content=\"summary_large_image\" \/>\n<meta name=\"twitter:label1\" content=\"Estimeret l\u00e6setid\" \/>\n\t<meta name=\"twitter:data1\" content=\"8 minutter\" \/>\n<script type=\"application\/ld+json\" class=\"yoast-schema-graph\">{\"@context\":\"https:\\\/\\\/schema.org\",\"@graph\":[{\"@type\":\"WebPage\",\"@id\":\"https:\\\/\\\/bigjohnstexasbbq.com\\\/da\\\/menu-til-turgrupper\\\/\",\"url\":\"https:\\\/\\\/bigjohnstexasbbq.com\\\/da\\\/menu-til-turgrupper\\\/\",\"name\":\"Menu til turgrupper - Big John&#039;s Texas BBQ\",\"isPartOf\":{\"@id\":\"https:\\\/\\\/bigjohnstexasbbq.com\\\/da\\\/#website\"},\"primaryImageOfPage\":{\"@id\":\"https:\\\/\\\/bigjohnstexasbbq.com\\\/da\\\/menu-til-turgrupper\\\/#primaryimage\"},\"image\":{\"@id\":\"https:\\\/\\\/bigjohnstexasbbq.com\\\/da\\\/menu-til-turgrupper\\\/#primaryimage\"},\"thumbnailUrl\":\"https:\\\/\\\/bigjohnstexasbbq.com\\\/wp-content\\\/uploads\\\/2015\\\/10\\\/tour-group-menu-header.png\",\"datePublished\":\"2015-10-31T02:20:44+00:00\",\"dateModified\":\"2026-02-25T00:16:51+00:00\",\"breadcrumb\":{\"@id\":\"https:\\\/\\\/bigjohnstexasbbq.com\\\/da\\\/menu-til-turgrupper\\\/#breadcrumb\"},\"inLanguage\":\"da-DK\",\"potentialAction\":[{\"@type\":\"ReadAction\",\"target\":[\"https:\\\/\\\/bigjohnstexasbbq.com\\\/da\\\/menu-til-turgrupper\\\/\"]}]},{\"@type\":\"ImageObject\",\"inLanguage\":\"da-DK\",\"@id\":\"https:\\\/\\\/bigjohnstexasbbq.com\\\/da\\\/menu-til-turgrupper\\\/#primaryimage\",\"url\":\"https:\\\/\\\/bigjohnstexasbbq.com\\\/wp-content\\\/uploads\\\/2015\\\/10\\\/tour-group-menu-header.png\",\"contentUrl\":\"https:\\\/\\\/bigjohnstexasbbq.com\\\/wp-content\\\/uploads\\\/2015\\\/10\\\/tour-group-menu-header.png\"},{\"@type\":\"BreadcrumbList\",\"@id\":\"https:\\\/\\\/bigjohnstexasbbq.com\\\/da\\\/menu-til-turgrupper\\\/#breadcrumb\",\"itemListElement\":[{\"@type\":\"ListItem\",\"position\":1,\"name\":\"Home\",\"item\":\"https:\\\/\\\/bigjohnstexasbbq.com\\\/da\\\/\"},{\"@type\":\"ListItem\",\"position\":2,\"name\":\"Menu til turgrupper\"}]},{\"@type\":\"WebSite\",\"@id\":\"https:\\\/\\\/bigjohnstexasbbq.com\\\/da\\\/#website\",\"url\":\"https:\\\/\\\/bigjohnstexasbbq.com\\\/da\\\/\",\"name\":\"Big John&#039;s Texas BBQ\",\"description\":\"Preparer of Fine Texas Style Smoked Brisket\",\"potentialAction\":[{\"@type\":\"SearchAction\",\"target\":{\"@type\":\"EntryPoint\",\"urlTemplate\":\"https:\\\/\\\/bigjohnstexasbbq.com\\\/da\\\/?s={search_term_string}\"},\"query-input\":{\"@type\":\"PropertyValueSpecification\",\"valueRequired\":true,\"valueName\":\"search_term_string\"}}],\"inLanguage\":\"da-DK\"}]}<\/script>\n<!-- \/ Yoast SEO plugin. -->","yoast_head_json":{"title":"Menu til turgrupper - Big John&#039;s Texas BBQ","robots":{"index":"index","follow":"follow","max-snippet":"max-snippet:-1","max-image-preview":"max-image-preview:large","max-video-preview":"max-video-preview:-1"},"canonical":"https:\/\/bigjohnstexasbbq.com\/da\/menu-til-turgrupper\/","og_locale":"da_DK","og_type":"article","og_title":"Menu til turgrupper - Big John&#039;s Texas BBQ","og_description":"Autentisk BBQ i Texas-\/westernstil Langtidsr\u00f8get BBQ over egetr\u00e6 p\u00e5 vores specialbyggede smoker (Vi har b\u00e5de indend\u00f8rs og udend\u00f8rs siddepladser) 153 S. Lake Powell Blvd Page, AZ 86040 $33.00 BBQ-oksek\u00f8dssandwich, BBQ-svinek\u00f8dssandwich eller pulled chicken-sandwich serveret med hjemmelavede cowboy beans og kartoffelsalat. Priserne er pr. person. $47.00 \u00bd rack baby back ribs-tallerken serveret med hjemmelavede cowboy beans [&hellip;]","og_url":"https:\/\/bigjohnstexasbbq.com\/da\/menu-til-turgrupper\/","og_site_name":"Big John&#039;s Texas BBQ","article_modified_time":"2026-02-25T00:16:51+00:00","og_image":[{"url":"https:\/\/bigjohnstexasbbq.com\/wp-content\/uploads\/2015\/10\/tour-group-menu-header.png","type":"","width":"","height":""}],"twitter_card":"summary_large_image","twitter_misc":{"Estimeret l\u00e6setid":"8 minutter"},"schema":{"@context":"https:\/\/schema.org","@graph":[{"@type":"WebPage","@id":"https:\/\/bigjohnstexasbbq.com\/da\/menu-til-turgrupper\/","url":"https:\/\/bigjohnstexasbbq.com\/da\/menu-til-turgrupper\/","name":"Menu til turgrupper - Big John&#039;s Texas BBQ","isPartOf":{"@id":"https:\/\/bigjohnstexasbbq.com\/da\/#website"},"primaryImageOfPage":{"@id":"https:\/\/bigjohnstexasbbq.com\/da\/menu-til-turgrupper\/#primaryimage"},"image":{"@id":"https:\/\/bigjohnstexasbbq.com\/da\/menu-til-turgrupper\/#primaryimage"},"thumbnailUrl":"https:\/\/bigjohnstexasbbq.com\/wp-content\/uploads\/2015\/10\/tour-group-menu-header.png","datePublished":"2015-10-31T02:20:44+00:00","dateModified":"2026-02-25T00:16:51+00:00","breadcrumb":{"@id":"https:\/\/bigjohnstexasbbq.com\/da\/menu-til-turgrupper\/#breadcrumb"},"inLanguage":"da-DK","potentialAction":[{"@type":"ReadAction","target":["https:\/\/bigjohnstexasbbq.com\/da\/menu-til-turgrupper\/"]}]},{"@type":"ImageObject","inLanguage":"da-DK","@id":"https:\/\/bigjohnstexasbbq.com\/da\/menu-til-turgrupper\/#primaryimage","url":"https:\/\/bigjohnstexasbbq.com\/wp-content\/uploads\/2015\/10\/tour-group-menu-header.png","contentUrl":"https:\/\/bigjohnstexasbbq.com\/wp-content\/uploads\/2015\/10\/tour-group-menu-header.png"},{"@type":"BreadcrumbList","@id":"https:\/\/bigjohnstexasbbq.com\/da\/menu-til-turgrupper\/#breadcrumb","itemListElement":[{"@type":"ListItem","position":1,"name":"Home","item":"https:\/\/bigjohnstexasbbq.com\/da\/"},{"@type":"ListItem","position":2,"name":"Menu til turgrupper"}]},{"@type":"WebSite","@id":"https:\/\/bigjohnstexasbbq.com\/da\/#website","url":"https:\/\/bigjohnstexasbbq.com\/da\/","name":"Big John&#039;s Texas BBQ","description":"Preparer of Fine Texas Style Smoked Brisket","potentialAction":[{"@type":"SearchAction","target":{"@type":"EntryPoint","urlTemplate":"https:\/\/bigjohnstexasbbq.com\/da\/?s={search_term_string}"},"query-input":{"@type":"PropertyValueSpecification","valueRequired":true,"valueName":"search_term_string"}}],"inLanguage":"da-DK"}]}},"_links":{"self":[{"href":"https:\/\/bigjohnstexasbbq.com\/da\/wp-json\/wp\/v2\/pages\/2030","targetHints":{"allow":["GET"]}}],"collection":[{"href":"https:\/\/bigjohnstexasbbq.com\/da\/wp-json\/wp\/v2\/pages"}],"about":[{"href":"https:\/\/bigjohnstexasbbq.com\/da\/wp-json\/wp\/v2\/types\/page"}],"author":[{"embeddable":true,"href":"https:\/\/bigjohnstexasbbq.com\/da\/wp-json\/wp\/v2\/users\/1"}],"replies":[{"embeddable":true,"href":"https:\/\/bigjohnstexasbbq.com\/da\/wp-json\/wp\/v2\/comments?post=2030"}],"version-history":[{"count":3,"href":"https:\/\/bigjohnstexasbbq.com\/da\/wp-json\/wp\/v2\/pages\/2030\/revisions"}],"predecessor-version":[{"id":2040,"href":"https:\/\/bigjohnstexasbbq.com\/da\/wp-json\/wp\/v2\/pages\/2030\/revisions\/2040"}],"wp:attachment":[{"href":"https:\/\/bigjohnstexasbbq.com\/da\/wp-json\/wp\/v2\/media?parent=2030"}],"curies":[{"name":"wp","href":"https:\/\/api.w.org\/{rel}","templated":true}]}}