{"id":1928,"date":"2015-10-30T19:20:44","date_gmt":"2015-10-31T02:20:44","guid":{"rendered":"https:\/\/bigjohnstexasbbq.com\/menu-para-grupos-turisticos\/"},"modified":"2026-02-24T17:14:32","modified_gmt":"2026-02-25T00:14:32","slug":"menu-para-grupos-turisticos","status":"publish","type":"page","link":"https:\/\/bigjohnstexasbbq.com\/es\/menu-para-grupos-turisticos\/","title":{"rendered":"Men\u00fa para grupos tur\u00edsticos"},"content":{"rendered":"<p>[et_pb_section fb_built=\u00bb1&#8243; custom_padding_last_edited=\u00bbon|desktop\u00bb admin_label=\u00bbsection\u00bb module_id=\u00bbSecci\u00f3n del men\u00fa\u00bb _builder_version=\u00bb4.16&#8243; background_color=\u00bbrgba(255,255,255,0)\u00bb custom_padding_tablet=\u00bb50px|0|50px|0&#8243; custom_padding_phone=\u00bb\u00bb transparent_background=\u00bbon\u00bb padding_mobile=\u00bboff\u00bb global_colors_info=\u00bb{}\u00bb][et_pb_row column_padding_mobile=\u00bbon\u00bb admin_label=\u00bbfila\u00bb module_id=\u00bbMenuColumn\u00bb _builder_version=\u00bb4.24.2&#8243; background_color=\u00bbrgba(0,0,0,0.6)\u00bb background_size=\u00bbinitial\u00bb background_position=\u00bbtop_left\u00bb background_repeat=\u00bbrepeat\u00bb custom_padding=\u00bb||0px||false|false\u00bb border_width_top=\u00bb10px\u00bb border_color_top=\u00bb#503e2a\u00bb border_style_top=\u00bbgroove\u00bb border_width_right=\u00bb9px\u00bb border_color_right=\u00bb#503e2a\u00bb border_style_right=\u00bbgroove\u00bb border_width_left=\u00bb10px\u00bb border_color_left=\u00bb#503e2a\u00bb border_style_left=\u00bbgroove\u00bb global_colors_info=\u00bb{}\u00bb][et_pb_column type=\u00bb4_4&#8243; _builder_version=\u00bb4.16&#8243; custom_padding=\u00bb|||\u00bb global_colors_info=\u00bb{}\u00bb custom_padding__hover=\u00bb|||\u00bb][et_pb_text admin_label=\u00bbHeading text\u00bb module_id=\u00bbHeadingText\u00bb _builder_version=\u00bb4.24.2&#8243; text_text_color=\u00bb#ffffff\u00bb background_enable_color=\u00bboff\u00bb background_size=\u00bbinitial\u00bb background_position=\u00bbtop_left\u00bb background_repeat=\u00bbrepeat\u00bb text_orientation=\u00bbcenter\u00bb background_layout=\u00bbdark\u00bb module_alignment=\u00bbcenter\u00bb custom_padding=\u00bb10px|15px|10px|20px\u00bb use_border_color=\u00bboff\u00bb global_colors_info=\u00bb{}\u00bb]<\/p>\n<p><img loading=\"lazy\" decoding=\"async\" class=\"aligncenter wp-image-787 size-full\" src=\"https:\/\/bigjohnstexasbbq.com\/wp-content\/uploads\/2015\/10\/tour-group-menu-header.png\" alt=\"\" width=\"923\" height=\"189\" srcset=\"https:\/\/bigjohnstexasbbq.com\/wp-content\/uploads\/2015\/10\/tour-group-menu-header.png 923w, https:\/\/bigjohnstexasbbq.com\/wp-content\/uploads\/2015\/10\/tour-group-menu-header-300x61.png 300w, https:\/\/bigjohnstexasbbq.com\/wp-content\/uploads\/2015\/10\/tour-group-menu-header-510x104.png 510w\" sizes=\"(max-width: 923px) 100vw, 923px\" \/><\/p>\n<h3><strong>Barbacoa aut\u00e9ntica estilo Texas\/Western<\/strong><\/h3>\n<h3><strong>Barbacoa ahumada lentamente con madera de roble en nuestro ahumador hecho a medida<\/strong><\/h3>\n<h3><strong>(Disponemos de asientos en interior y exterior)<\/strong><\/h3>\n<h5><span style=\"font-size: 17pt;\">153 S. Lake Powell Blvd<\/span><\/h5>\n<h5><span style=\"font-size: 17pt;\">Page, AZ 86040<\/span><\/h5>\n<h4> <\/h4>\n<p>[\/et_pb_text][et_pb_heading title=\u00bbMen\u00fa para grupos tur\u00edsticos\u00bb admin_label=\u00bbTour Group Menu Heading\u00bb _builder_version=\u00bb4.24.2&#8243; _module_preset=\u00bbdefault\u00bb title_level=\u00bbh2&#8243; title_font=\u00bbNunito|700|||||||\u00bb title_text_align=\u00bbcenter\u00bb title_text_color=\u00bb#FFFFFF\u00bb title_font_size=\u00bb50px\u00bb background_color=\u00bb#f27d01&#8243; custom_margin=\u00bb|80px||80px|false|false\u00bb custom_padding=\u00bb15px||15px||false|false\u00bb border_radii=\u00bbon|60px|60px|60px|60px\u00bb border_style_all=\u00bbgroove\u00bb global_colors_info=\u00bb{}\u00bb][\/et_pb_heading][\/et_pb_column][\/et_pb_row][et_pb_row column_structure=\u00bb1_3,1_3,1_3&#8243; column_padding_mobile=\u00bbon\u00bb admin_label=\u00bbfila\u00bb module_id=\u00bbMenuColumn\u00bb _builder_version=\u00bb4.24.2&#8243; background_color=\u00bbrgba(0,0,0,0.6)\u00bb background_size=\u00bbinitial\u00bb background_position=\u00bbtop_left\u00bb background_repeat=\u00bbrepeat\u00bb custom_padding=\u00bb||0px||false|false\u00bb border_width_right=\u00bb10px\u00bb border_color_right=\u00bb#503e2a\u00bb border_style_right=\u00bbgroove\u00bb border_width_bottom=\u00bb10px\u00bb border_color_bottom=\u00bb#503e2a\u00bb border_style_bottom=\u00bbgroove\u00bb border_width_left=\u00bb10px\u00bb border_color_left=\u00bb#503e2a\u00bb border_style_left=\u00bbgroove\u00bb global_colors_info=\u00bb{}\u00bb][et_pb_column type=\u00bb1_3&#8243; _builder_version=\u00bb4.16&#8243; custom_padding=\u00bb|||\u00bb global_colors_info=\u00bb{}\u00bb custom_padding__hover=\u00bb|||\u00bb][et_pb_blurb title=\u00bbPlato de barbacoa\u00bb image=\u00bbhttps:\/\/bigjohnstexasbbq.com\/wp-content\/uploads\/2021\/01\/BBQ-Beef-Pulled-Pork-or-Pulled-Chicken-Sandwich-Plate-500&#215;500-w2.png\u00bb alt=\u00bbPlato de s\u00e1ndwich de ternera a la barbacoa, cerdo desmenuzado o pollo desmenuzado\u00bb admin_label=\u00bbBBQ Plate\u00bb _builder_version=\u00bb4.27.5&#8243; _module_preset=\u00bbdefault\u00bb header_level=\u00bbh2&#8243; header_text_color=\u00bb#f27d01&#8243; header_font_size=\u00bb30px\u00bb background_layout=\u00bbdark\u00bb custom_padding=\u00bb20px|20px|20px|20px|false|false\u00bb hover_enabled=\u00bb0&#8243; global_colors_info=\u00bb{}\u00bb sticky_enabled=\u00bb0&#8243;]<\/p>\n<h2>33,00 $<\/h2>\n<p>S\u00e1ndwich de ternera a la barbacoa, s\u00e1ndwich de cerdo a la barbacoa o s\u00e1ndwich de pollo desmenuzado, servido con frijoles vaqueros caseros y ensalada de patata. Los precios son por persona. <\/p>\n<p>[\/et_pb_blurb][\/et_pb_column][et_pb_column type=\u00bb1_3&#8243; _builder_version=\u00bb4.16&#8243; custom_padding=\u00bb|||\u00bb global_colors_info=\u00bb{}\u00bb custom_padding__hover=\u00bb|||\u00bb][et_pb_blurb title=\u00bbPlato de costillas\u00bb image=\u00bbhttps:\/\/bigjohnstexasbbq.com\/wp-content\/uploads\/2021\/02\/Half-Rack-Baby-Back-Rib-Plate-500&#215;500-w2.png\u00bb alt=\u00bbPlato de medio costillar de cerdo (baby back ribs) a la barbacoa\u00bb admin_label=\u00bbRib Plate\u00bb _builder_version=\u00bb4.27.5&#8243; _module_preset=\u00bbdefault\u00bb header_level=\u00bbh2&#8243; header_text_color=\u00bb#f27d01&#8243; header_font_size=\u00bb30px\u00bb background_layout=\u00bbdark\u00bb custom_padding=\u00bb20px|20px|20px|20px|false|false\u00bb hover_enabled=\u00bb0&#8243; global_colors_info=\u00bb{}\u00bb sticky_enabled=\u00bb0&#8243;]<\/p>\n<h2>47,00 $<\/h2>\n<p>Plato de \u00bd costillar de cerdo (baby back ribs) servido con frijoles vaqueros caseros y ensalada de patata. Los precios son por persona. <\/p>\n<p>[\/et_pb_blurb][\/et_pb_column][et_pb_column type=\u00bb1_3&#8243; _builder_version=\u00bb4.16&#8243; custom_padding=\u00bb|||\u00bb global_colors_info=\u00bb{}\u00bb custom_padding__hover=\u00bb|||\u00bb][et_pb_blurb title=\u00bbPlato degustaci\u00f3n\u00bb image=\u00bbhttps:\/\/bigjohnstexasbbq.com\/wp-content\/uploads\/2021\/02\/Chicken-and-Rib-Plate-500&#215;500-w2.png\u00bb alt=\u00bbPlato de pollo y costillas a la barbacoa\u00bb admin_label=\u00bbSampler Plate\u00bb _builder_version=\u00bb4.27.5&#8243; _module_preset=\u00bbdefault\u00bb header_level=\u00bbh2&#8243; header_text_color=\u00bb#f27d01&#8243; header_font_size=\u00bb30px\u00bb background_layout=\u00bbdark\u00bb custom_padding=\u00bb20px|20px|20px|20px|false|false\u00bb hover_enabled=\u00bb0&#8243; global_colors_info=\u00bb{}\u00bb sticky_enabled=\u00bb0&#8243;]<\/p>\n<h2>44,00 $<\/h2>\n<p>Plato degustaci\u00f3n de Big John: ternera a la barbacoa, cerdo a la barbacoa, costillas, salchicha picante, servido con frijoles vaqueros y ensalada de patata. Los precios son por persona. <\/p>\n<p>[\/et_pb_blurb][\/et_pb_column][\/et_pb_row][\/et_pb_section][et_pb_section fb_built=\u00bb1&#8243; custom_padding_last_edited=\u00bbon|desktop\u00bb admin_label=\u00bbsection\u00bb module_id=\u00bbSecci\u00f3n del men\u00fa\u00bb _builder_version=\u00bb4.16&#8243; background_color=\u00bbrgba(255,255,255,0)\u00bb custom_padding_tablet=\u00bb50px|0|50px|0&#8243; custom_padding_phone=\u00bb\u00bb transparent_background=\u00bbon\u00bb padding_mobile=\u00bboff\u00bb global_colors_info=\u00bb{}\u00bb][et_pb_row padding_mobile=\u00bboff\u00bb column_padding_mobile=\u00bbon\u00bb admin_label=\u00bbfila\u00bb module_id=\u00bbMenuColumn\u00bb _builder_version=\u00bb4.24.2&#8243; background_color=\u00bbrgba(0,0,0,0.6)\u00bb background_size=\u00bbinitial\u00bb background_position=\u00bbtop_left\u00bb background_repeat=\u00bbrepeat\u00bb border_width_all=\u00bb10px\u00bb border_color_all=\u00bb#503e2a\u00bb border_style_all=\u00bbgroove\u00bb global_colors_info=\u00bb{}\u00bb][et_pb_column type=\u00bb4_4&#8243; _builder_version=\u00bb4.16&#8243; custom_padding=\u00bb|||\u00bb global_colors_info=\u00bb{}\u00bb custom_padding__hover=\u00bb|||\u00bb][et_pb_text disabled_on=\u00bbon|on|\u00bb admin_label=\u00bbPage content (Desktop)\u00bb module_id=\u00bbTourGroupMenuPagecontent\u00bb _builder_version=\u00bb4.27.2&#8243; background_size=\u00bbinitial\u00bb background_position=\u00bbtop_left\u00bb background_repeat=\u00bbrepeat\u00bb background_layout=\u00bbdark\u00bb custom_padding=\u00bb20px|20px|20px|20px|false|false\u00bb use_border_color=\u00bboff\u00bb global_colors_info=\u00bb{}\u00bb]<\/p>\n<h4>*Todas las comidas incluyen una bebida y una galleta con pepitas de chocolate. Las bebidas incluyen: <span>Pepsi, Pepsi Light, Sprite o limonada<\/span>. <\/h4>\n<p><strong>IMPUESTOS Y PROPINAS INCLUIDOS EN LOS PRECIOS INDICADOS.<\/strong><\/p>\n<p><strong>* Normalmente podemos ofrecer m\u00fasica country y western en directo para sus invitados a la cena.<\/strong><\/p>\n<p><strong>Tambi\u00e9n podemos ofrecer a sus invitados un recorrido de 5 a 10 minutos por nuestro ahumador de barbacoa hecho a medida.<\/strong><\/p>\n<p><strong>Cambios o cancelaciones de reservas:<\/strong><\/p>\n<p>Cualquier cambio en el n\u00famero de personas del grupo debe ser comunicado por correo electr\u00f3nico. Debemos recibir un aviso de 24 horas (antes de la fecha de la reserva) de cualquier cambio. Si va a llegar tarde, por favor, av\u00edsenos con 4 horas de antelaci\u00f3n. Las cancelaciones requieren un aviso de 72 horas y se le cobrar\u00e1 el 50% del coste total de la factura.   <\/p>\n<h4><span style=\"text-decoration: underline;\"><a href=\"mailto:john@bigjohnstexasbbq.com?Subject=Tour%20Group%20Question\" target=\"_top\" rel=\"noopener\">Cont\u00e1ctenos por correo electr\u00f3nico<\/a><\/span> o por tel\u00e9fono en el 928-645-3300.<\/h4>\n<p><strong>Comidas de cortes\u00eda:<\/strong><\/p>\n<p>Con gusto ofreceremos 1 comida de cortes\u00eda por cada 15 o m\u00e1s clientes de pago. Ofreceremos 2 comidas por cada 30 clientes o m\u00e1s. La(s) comida(s) de cortes\u00eda ser\u00e1(n) la misma(s) que la comida del tour.  <\/p>\n<p><strong>M\u00e9todos de pago:<\/strong><\/p>\n<p>Se aceptan efectivo y tarjetas de cr\u00e9dito (Visa, MasterCard, Discover, Diner\u2019s Club y AMEX).<\/p>\n<p>[\/et_pb_text][et_pb_text disabled_on=\u00bb||on\u00bb admin_label=\u00bbPage content (Mobile)\u00bb module_id=\u00bbTourGroupMenuPagecontent\u00bb _builder_version=\u00bb4.24.2&#8243; background_size=\u00bbinitial\u00bb background_position=\u00bbtop_left\u00bb background_repeat=\u00bbrepeat\u00bb background_layout=\u00bbdark\u00bb custom_padding=\u00bb20px|20px|20px|20px|false|false\u00bb use_border_color=\u00bboff\u00bb global_colors_info=\u00bb{}\u00bb]<\/p>\n<h4>*Todas las cenas incluyen una bebida y una galleta con pepitas de chocolate. Las bebidas incluyen: refresco, t\u00e9 dulce, t\u00e9 normal, limonada o caf\u00e9. <\/h4>\n<p><strong>IMPUESTOS Y PROPINAS INCLUIDOS EN LOS PRECIOS INDICADOS.<\/strong><\/p>\n<p><strong>* Normalmente podemos ofrecer m\u00fasica country y western en directo para sus invitados a la cena.<\/strong><\/p>\n<p><strong>Tambi\u00e9n podemos ofrecer a sus invitados un recorrido de 5 a 10 minutos por nuestro ahumador de barbacoa hecho a medida.<\/strong><\/p>\n<p><strong>Cambios o cancelaciones de reservas:<\/strong><\/p>\n<p>Cualquier cambio en el n\u00famero de personas del grupo debe ser comunicado por correo electr\u00f3nico. Debemos recibir un aviso de 24 horas (antes de la fecha de la reserva) de cualquier cambio. Si va a llegar tarde, por favor, av\u00edsenos con 4 horas de antelaci\u00f3n. Las cancelaciones requieren un aviso de 72 horas y se le cobrar\u00e1 el 50% del coste total de la factura.   <\/p>\n<h4><span style=\"text-decoration: underline;\"><a href=\"mailto:john@bigjohnstexasbbq.com?Subject=Tour%20Group%20Question\" target=\"_top\" rel=\"noopener\">Cont\u00e1ctenos por correo electr\u00f3nico<\/a><\/span> o por tel\u00e9fono en el <span style=\"text-decoration: underline;\"><a href=\"tel:9286453300\">928-645-3300<\/a><\/span>.<\/h4>\n<p><strong>Comidas de cortes\u00eda:<\/strong><\/p>\n<p>Con gusto ofreceremos 1 comida de cortes\u00eda por cada 15 o m\u00e1s clientes de pago. Ofreceremos 2 comidas por cada 30 clientes o m\u00e1s. La(s) comida(s) de cortes\u00eda ser\u00e1(n) la misma(s) que la comida del tour.  <\/p>\n<p><strong>M\u00e9todos de pago:<\/strong><\/p>\n<p>Se aceptan efectivo y tarjetas de cr\u00e9dito (Visa, MasterCard, Discover, Diner\u2019s Club y AMEX).<\/p>\n<p>[\/et_pb_text][\/et_pb_column][\/et_pb_row][\/et_pb_section][et_pb_section fb_built=\u00bb1&#8243; custom_padding_last_edited=\u00bbon|desktop\u00bb admin_label=\u00bbFooter Section\u00bb module_id=\u00bbSecci\u00f3n de pie de p\u00e1gina\u00bb _builder_version=\u00bb3.22&#8243; background_color=\u00bbrgba(255,255,255,0)\u00bb custom_padding_tablet=\u00bb50px|0|50px|0&#8243; custom_padding_phone=\u00bb\u00bb transparent_background=\u00bbon\u00bb padding_mobile=\u00bboff\u00bb make_fullwidth=\u00bboff\u00bb use_custom_width=\u00bboff\u00bb width_unit=\u00bbon\u00bb global_module=\u00bb536&#8243; global_colors_info=\u00bb{}\u00bb][et_pb_row column_structure=\u00bb1_4,1_2,1_4&#8243; padding_mobile=\u00bbon\u00bb column_padding_mobile=\u00bbon\u00bb module_id=\u00bbMenusColumn\u00bb _builder_version=\u00bb4.16&#8243; background_color=\u00bbrgba(0,0,0,0.6)\u00bb background_size=\u00bbinitial\u00bb background_position=\u00bbtop_left\u00bb background_repeat=\u00bbrepeat\u00bb custom_padding=\u00bb|||15px\u00bb make_fullwidth=\u00bboff\u00bb use_custom_width=\u00bboff\u00bb width_unit=\u00bbon\u00bb global_colors_info=\u00bb{}\u00bb][et_pb_column type=\u00bb1_4&#8243; _builder_version=\u00bb4.16&#8243; custom_padding=\u00bb|||\u00bb global_colors_info=\u00bb{}\u00bb custom_padding__hover=\u00bb|||\u00bb][et_pb_sidebar area=\u00bbet_pb_widget_area_1&#8243; admin_label=\u00bbMenus Sidebar\u00bb _builder_version=\u00bb4.24.2&#8243; header_font_size=\u00bb20&#8243; body_font_size=\u00bb18&#8243; background_layout=\u00bbdark\u00bb custom_padding=\u00bb|||20px|false|false\u00bb remove_border=\u00bboff\u00bb global_colors_info=\u00bb{}\u00bb]<\/p>\n<p>[\/et_pb_sidebar][\/et_pb_column][et_pb_column type=\u00bb1_2&#8243; _builder_version=\u00bb4.16&#8243; custom_padding=\u00bb|||\u00bb global_colors_info=\u00bb{}\u00bb custom_padding__hover=\u00bb|||\u00bb][et_pb_divider show_divider=\u00bboff\u00bb disabled_on=\u00bbon|on|off\u00bb _builder_version=\u00bb4.16&#8243; height=\u00bb20px\u00bb hide_on_mobile=\u00bbon\u00bb global_colors_info=\u00bb{}\u00bb][\/et_pb_divider][et_pb_text admin_label=\u00bbFriend us on FaceBook\u00bb _builder_version=\u00bb4.16&#8243; background_color=\u00bbrgba(0,0,0,0)\u00bb background_size=\u00bbinitial\u00bb background_position=\u00bbtop_left\u00bb background_repeat=\u00bbrepeat\u00bb background_layout=\u00bbdark\u00bb use_border_color=\u00bboff\u00bb global_colors_info=\u00bb{}\u00bb]<\/p>\n<h3><a href=\"https:\/\/www.facebook.com\/Big-Johns-Texas-Bbq-126141577468838\/\" target=\"_blank\" rel=\"noopener noreferrer\"><img loading=\"lazy\" decoding=\"async\" class=\"alignleft wp-image-378 size-full\" src=\"https:\/\/bigjohnstexasbbq.com\/wp-content\/uploads\/2014\/05\/Facebook.png\" alt=\"Facebook\" width=\"61\" height=\"61\"><\/a><a href=\"https:\/\/www.facebook.com\/Big-Johns-Texas-Bbq-126141577468838\/https:\/\/www.facebook.com\/Big-Johns-Texas-Bbq-126141577468838\/\" target=\"_blank\" rel=\"noopener noreferrer\">Hazte amigo nuestro en Facebook y recibe actualizaciones sobre nuestras ofertas y eventos.<\/a><\/h3>\n<p>[\/et_pb_text][\/et_pb_column][et_pb_column type=\u00bb1_4&#8243; _builder_version=\u00bb4.16&#8243; custom_padding=\u00bb|||\u00bb global_colors_info=\u00bb{}\u00bb custom_padding__hover=\u00bb|||\u00bb][et_pb_sidebar orientation=\u00bbright\u00bb area=\u00bbet_pb_widget_area_2&#8243; admin_label=\u00bbSidebar Menu Right\u00bb _builder_version=\u00bb4.16&#8243; background_layout=\u00bbdark\u00bb remove_border=\u00bboff\u00bb global_colors_info=\u00bb{}\u00bb][\/et_pb_sidebar][\/et_pb_column][\/et_pb_row][et_pb_row padding_mobile=\u00bbon\u00bb column_padding_mobile=\u00bbon\u00bb module_id=\u00bbCreditsColumn\u00bb _builder_version=\u00bb4.16&#8243; background_color=\u00bbrgba(0,0,0,0.6)\u00bb background_size=\u00bbinitial\u00bb background_position=\u00bbtop_left\u00bb background_repeat=\u00bbrepeat\u00bb custom_padding=\u00bb|15px||15px\u00bb make_fullwidth=\u00bboff\u00bb use_custom_width=\u00bboff\u00bb width_unit=\u00bbon\u00bb global_colors_info=\u00bb{}\u00bb][et_pb_column type=\u00bb4_4&#8243; _builder_version=\u00bb4.16&#8243; custom_padding=\u00bb|||\u00bb global_colors_info=\u00bb{}\u00bb custom_padding__hover=\u00bb|||\u00bb][et_pb_text admin_label=\u00bbAddress &#038; Credits\u00bb _builder_version=\u00bb4.16&#8243; text_font_size=\u00bb18&#8243; text_letter_spacing=\u00bb1px\u00bb text_line_height=\u00bb1.8em\u00bb background_size=\u00bbinitial\u00bb background_position=\u00bbtop_left\u00bb background_repeat=\u00bbrepeat\u00bb text_orientation=\u00bbcenter\u00bb background_layout=\u00bbdark\u00bb module_alignment=\u00bbcenter\u00bb use_border_color=\u00bboff\u00bb border_color=\u00bb#a5a5a5&#8243; border_width=\u00bb10px\u00bb border_style=\u00bbridge\u00bb global_colors_info=\u00bb{}\u00bb]<\/p>\n<p class=\"Normal-P\"><span class=\"Normal-C\">Oficina central de Big John&#8217;s BBQ | P.O. Box 665 | Page, AZ 86040<\/span><\/p>\n<p>[\/et_pb_text][\/et_pb_column][\/et_pb_row][\/et_pb_section]<\/p>\n","protected":false},"excerpt":{"rendered":"<p>Barbacoa aut\u00e9ntica estilo Texas\/Western Barbacoa ahumada lentamente con madera de roble en nuestro ahumador hecho a medida (Disponemos de asientos en interior y exterior) 153 S. Lake Powell Blvd Page, AZ 86040 33,00 $ S\u00e1ndwich de ternera a la barbacoa, s\u00e1ndwich de cerdo a la barbacoa o s\u00e1ndwich de pollo desmenuzado, servido con frijoles vaqueros [&hellip;]<\/p>\n","protected":false},"author":1,"featured_media":0,"parent":0,"menu_order":0,"comment_status":"closed","ping_status":"closed","template":"","meta":{"_et_pb_use_builder":"on","_et_pb_old_content":"","_et_gb_content_width":"","footnotes":""},"class_list":["post-1928","page","type-page","status-publish","hentry"],"yoast_head":"<!-- This site is optimized with the Yoast SEO plugin v27.4 - https:\/\/yoast.com\/product\/yoast-seo-wordpress\/ -->\n<title>Men\u00fa para grupos tur\u00edsticos - Big John&#039;s Texas BBQ<\/title>\n<meta name=\"robots\" content=\"index, follow, max-snippet:-1, max-image-preview:large, max-video-preview:-1\" \/>\n<link rel=\"canonical\" href=\"https:\/\/bigjohnstexasbbq.com\/es\/menu-para-grupos-turisticos\/\" \/>\n<meta property=\"og:locale\" content=\"es_ES\" \/>\n<meta property=\"og:type\" content=\"article\" \/>\n<meta property=\"og:title\" content=\"Men\u00fa para grupos tur\u00edsticos - Big John&#039;s Texas BBQ\" \/>\n<meta property=\"og:description\" content=\"Barbacoa aut\u00e9ntica estilo Texas\/Western Barbacoa ahumada lentamente con madera de roble en nuestro ahumador hecho a medida (Disponemos de asientos en interior y exterior) 153 S. Lake Powell Blvd Page, AZ 86040 33,00 $ S\u00e1ndwich de ternera a la barbacoa, s\u00e1ndwich de cerdo a la barbacoa o s\u00e1ndwich de pollo desmenuzado, servido con frijoles vaqueros [&hellip;]\" \/>\n<meta property=\"og:url\" content=\"https:\/\/bigjohnstexasbbq.com\/es\/menu-para-grupos-turisticos\/\" \/>\n<meta property=\"og:site_name\" content=\"Big John&#039;s Texas BBQ\" \/>\n<meta property=\"article:modified_time\" content=\"2026-02-25T00:14:32+00:00\" \/>\n<meta property=\"og:image\" content=\"https:\/\/bigjohnstexasbbq.com\/wp-content\/uploads\/2015\/10\/tour-group-menu-header.png\" \/>\n<meta name=\"twitter:card\" content=\"summary_large_image\" \/>\n<meta name=\"twitter:label1\" content=\"Tiempo de lectura\" \/>\n\t<meta name=\"twitter:data1\" content=\"9 minutos\" \/>\n<script type=\"application\/ld+json\" class=\"yoast-schema-graph\">{\"@context\":\"https:\\\/\\\/schema.org\",\"@graph\":[{\"@type\":\"WebPage\",\"@id\":\"https:\\\/\\\/bigjohnstexasbbq.com\\\/es\\\/menu-para-grupos-turisticos\\\/\",\"url\":\"https:\\\/\\\/bigjohnstexasbbq.com\\\/es\\\/menu-para-grupos-turisticos\\\/\",\"name\":\"Men\u00fa para grupos tur\u00edsticos - Big John&#039;s Texas BBQ\",\"isPartOf\":{\"@id\":\"https:\\\/\\\/bigjohnstexasbbq.com\\\/es\\\/#website\"},\"primaryImageOfPage\":{\"@id\":\"https:\\\/\\\/bigjohnstexasbbq.com\\\/es\\\/menu-para-grupos-turisticos\\\/#primaryimage\"},\"image\":{\"@id\":\"https:\\\/\\\/bigjohnstexasbbq.com\\\/es\\\/menu-para-grupos-turisticos\\\/#primaryimage\"},\"thumbnailUrl\":\"https:\\\/\\\/bigjohnstexasbbq.com\\\/wp-content\\\/uploads\\\/2015\\\/10\\\/tour-group-menu-header.png\",\"datePublished\":\"2015-10-31T02:20:44+00:00\",\"dateModified\":\"2026-02-25T00:14:32+00:00\",\"breadcrumb\":{\"@id\":\"https:\\\/\\\/bigjohnstexasbbq.com\\\/es\\\/menu-para-grupos-turisticos\\\/#breadcrumb\"},\"inLanguage\":\"es\",\"potentialAction\":[{\"@type\":\"ReadAction\",\"target\":[\"https:\\\/\\\/bigjohnstexasbbq.com\\\/es\\\/menu-para-grupos-turisticos\\\/\"]}]},{\"@type\":\"ImageObject\",\"inLanguage\":\"es\",\"@id\":\"https:\\\/\\\/bigjohnstexasbbq.com\\\/es\\\/menu-para-grupos-turisticos\\\/#primaryimage\",\"url\":\"https:\\\/\\\/bigjohnstexasbbq.com\\\/wp-content\\\/uploads\\\/2015\\\/10\\\/tour-group-menu-header.png\",\"contentUrl\":\"https:\\\/\\\/bigjohnstexasbbq.com\\\/wp-content\\\/uploads\\\/2015\\\/10\\\/tour-group-menu-header.png\"},{\"@type\":\"BreadcrumbList\",\"@id\":\"https:\\\/\\\/bigjohnstexasbbq.com\\\/es\\\/menu-para-grupos-turisticos\\\/#breadcrumb\",\"itemListElement\":[{\"@type\":\"ListItem\",\"position\":1,\"name\":\"Home\",\"item\":\"https:\\\/\\\/bigjohnstexasbbq.com\\\/es\\\/\"},{\"@type\":\"ListItem\",\"position\":2,\"name\":\"Men\u00fa para grupos tur\u00edsticos\"}]},{\"@type\":\"WebSite\",\"@id\":\"https:\\\/\\\/bigjohnstexasbbq.com\\\/es\\\/#website\",\"url\":\"https:\\\/\\\/bigjohnstexasbbq.com\\\/es\\\/\",\"name\":\"Big John&#039;s Texas BBQ\",\"description\":\"Preparer of Fine Texas Style Smoked Brisket\",\"potentialAction\":[{\"@type\":\"SearchAction\",\"target\":{\"@type\":\"EntryPoint\",\"urlTemplate\":\"https:\\\/\\\/bigjohnstexasbbq.com\\\/es\\\/?s={search_term_string}\"},\"query-input\":{\"@type\":\"PropertyValueSpecification\",\"valueRequired\":true,\"valueName\":\"search_term_string\"}}],\"inLanguage\":\"es\"}]}<\/script>\n<!-- \/ Yoast SEO plugin. -->","yoast_head_json":{"title":"Men\u00fa para grupos tur\u00edsticos - Big John&#039;s Texas BBQ","robots":{"index":"index","follow":"follow","max-snippet":"max-snippet:-1","max-image-preview":"max-image-preview:large","max-video-preview":"max-video-preview:-1"},"canonical":"https:\/\/bigjohnstexasbbq.com\/es\/menu-para-grupos-turisticos\/","og_locale":"es_ES","og_type":"article","og_title":"Men\u00fa para grupos tur\u00edsticos - Big John&#039;s Texas BBQ","og_description":"Barbacoa aut\u00e9ntica estilo Texas\/Western Barbacoa ahumada lentamente con madera de roble en nuestro ahumador hecho a medida (Disponemos de asientos en interior y exterior) 153 S. Lake Powell Blvd Page, AZ 86040 33,00 $ S\u00e1ndwich de ternera a la barbacoa, s\u00e1ndwich de cerdo a la barbacoa o s\u00e1ndwich de pollo desmenuzado, servido con frijoles vaqueros [&hellip;]","og_url":"https:\/\/bigjohnstexasbbq.com\/es\/menu-para-grupos-turisticos\/","og_site_name":"Big John&#039;s Texas BBQ","article_modified_time":"2026-02-25T00:14:32+00:00","og_image":[{"url":"https:\/\/bigjohnstexasbbq.com\/wp-content\/uploads\/2015\/10\/tour-group-menu-header.png","type":"","width":"","height":""}],"twitter_card":"summary_large_image","twitter_misc":{"Tiempo de lectura":"9 minutos"},"schema":{"@context":"https:\/\/schema.org","@graph":[{"@type":"WebPage","@id":"https:\/\/bigjohnstexasbbq.com\/es\/menu-para-grupos-turisticos\/","url":"https:\/\/bigjohnstexasbbq.com\/es\/menu-para-grupos-turisticos\/","name":"Men\u00fa para grupos tur\u00edsticos - Big John&#039;s Texas BBQ","isPartOf":{"@id":"https:\/\/bigjohnstexasbbq.com\/es\/#website"},"primaryImageOfPage":{"@id":"https:\/\/bigjohnstexasbbq.com\/es\/menu-para-grupos-turisticos\/#primaryimage"},"image":{"@id":"https:\/\/bigjohnstexasbbq.com\/es\/menu-para-grupos-turisticos\/#primaryimage"},"thumbnailUrl":"https:\/\/bigjohnstexasbbq.com\/wp-content\/uploads\/2015\/10\/tour-group-menu-header.png","datePublished":"2015-10-31T02:20:44+00:00","dateModified":"2026-02-25T00:14:32+00:00","breadcrumb":{"@id":"https:\/\/bigjohnstexasbbq.com\/es\/menu-para-grupos-turisticos\/#breadcrumb"},"inLanguage":"es","potentialAction":[{"@type":"ReadAction","target":["https:\/\/bigjohnstexasbbq.com\/es\/menu-para-grupos-turisticos\/"]}]},{"@type":"ImageObject","inLanguage":"es","@id":"https:\/\/bigjohnstexasbbq.com\/es\/menu-para-grupos-turisticos\/#primaryimage","url":"https:\/\/bigjohnstexasbbq.com\/wp-content\/uploads\/2015\/10\/tour-group-menu-header.png","contentUrl":"https:\/\/bigjohnstexasbbq.com\/wp-content\/uploads\/2015\/10\/tour-group-menu-header.png"},{"@type":"BreadcrumbList","@id":"https:\/\/bigjohnstexasbbq.com\/es\/menu-para-grupos-turisticos\/#breadcrumb","itemListElement":[{"@type":"ListItem","position":1,"name":"Home","item":"https:\/\/bigjohnstexasbbq.com\/es\/"},{"@type":"ListItem","position":2,"name":"Men\u00fa para grupos tur\u00edsticos"}]},{"@type":"WebSite","@id":"https:\/\/bigjohnstexasbbq.com\/es\/#website","url":"https:\/\/bigjohnstexasbbq.com\/es\/","name":"Big John&#039;s Texas BBQ","description":"Preparer of Fine Texas Style Smoked Brisket","potentialAction":[{"@type":"SearchAction","target":{"@type":"EntryPoint","urlTemplate":"https:\/\/bigjohnstexasbbq.com\/es\/?s={search_term_string}"},"query-input":{"@type":"PropertyValueSpecification","valueRequired":true,"valueName":"search_term_string"}}],"inLanguage":"es"}]}},"_links":{"self":[{"href":"https:\/\/bigjohnstexasbbq.com\/es\/wp-json\/wp\/v2\/pages\/1928","targetHints":{"allow":["GET"]}}],"collection":[{"href":"https:\/\/bigjohnstexasbbq.com\/es\/wp-json\/wp\/v2\/pages"}],"about":[{"href":"https:\/\/bigjohnstexasbbq.com\/es\/wp-json\/wp\/v2\/types\/page"}],"author":[{"embeddable":true,"href":"https:\/\/bigjohnstexasbbq.com\/es\/wp-json\/wp\/v2\/users\/1"}],"replies":[{"embeddable":true,"href":"https:\/\/bigjohnstexasbbq.com\/es\/wp-json\/wp\/v2\/comments?post=1928"}],"version-history":[{"count":3,"href":"https:\/\/bigjohnstexasbbq.com\/es\/wp-json\/wp\/v2\/pages\/1928\/revisions"}],"predecessor-version":[{"id":1934,"href":"https:\/\/bigjohnstexasbbq.com\/es\/wp-json\/wp\/v2\/pages\/1928\/revisions\/1934"}],"wp:attachment":[{"href":"https:\/\/bigjohnstexasbbq.com\/es\/wp-json\/wp\/v2\/media?parent=1928"}],"curies":[{"name":"wp","href":"https:\/\/api.w.org\/{rel}","templated":true}]}}